{"id":186,"date":"2021-10-24T14:49:38","date_gmt":"2021-10-24T12:49:38","guid":{"rendered":"https:\/\/domainedmsdebah.com\/?page_id=186"},"modified":"2022-10-04T21:21:46","modified_gmt":"2022-10-04T19:21:46","slug":"1er-salon-du-livre-dms-debah","status":"publish","type":"page","link":"https:\/\/domainedmsdebah.com\/index.php\/1er-salon-du-livre-dms-debah\/","title":{"rendered":"1er Salon du Livre Dms Debah"},"content":{"rendered":"\n<div class=\"wp-block-media-text alignwide is-stacked-on-mobile\" style=\"grid-template-columns:25% auto\"><figure class=\"wp-block-media-text__media\"><img loading=\"lazy\" decoding=\"async\" width=\"550\" height=\"361\" src=\"https:\/\/domainedmsdebah.com\/wp-content\/uploads\/2022\/10\/Date.jpg\" alt=\"\" class=\"wp-image-253 size-full\" srcset=\"https:\/\/domainedmsdebah.com\/wp-content\/uploads\/2022\/10\/Date.jpg 550w, https:\/\/domainedmsdebah.com\/wp-content\/uploads\/2022\/10\/Date-300x197.jpg 300w, https:\/\/domainedmsdebah.com\/wp-content\/uploads\/2022\/10\/Date-91x60.jpg 91w\" sizes=\"auto, (max-width: 550px) 100vw, 550px\" \/><\/figure><div class=\"wp-block-media-text__content\">\n<p class=\"has-text-align-left has-black-color has-text-color has-medium-font-size\">Le Salon du Livre Dms Debah organis\u00e9 par <strong>l&rsquo;association les Amis du ch\u00e2teau de la Gautherie<\/strong> tiendra sa premi\u00e8re \u00e9dition les <strong>23 et 24 septembre 2023<\/strong> au <strong>Domaine Dms Debah<\/strong> \u00e0 Crespinet dans le Tarn (<em>18 km d&rsquo;Albi<\/em>). <\/p>\n<\/div><\/div>\n\n\n\n<div style=\"height:20px\" aria-hidden=\"true\" class=\"wp-block-spacer\"><\/div>\n\n\n\n<p class=\"has-black-color has-text-color has-normal-font-size\">Pour ce nouveau rendez-vous, nous vous proposons un programme des plus \u00e9clectiques :<\/p>\n\n\n\n<ul class=\"has-black-color has-text-color has-normal-font-size wp-block-list\"><li>des rencontres avec des auteur.trice.s, <\/li><li>des conf\u00e9rences \/ d\u00e9bats, <\/li><li>des ateliers pour enfants, <\/li><li>des Master Class,<\/li><li>des concerts<\/li><li>et pleins d&rsquo;autres surprises encore&#8230;<\/li><\/ul>\n\n\n\n<p class=\"has-black-color has-text-color has-normal-font-size\"><span style=\"font-size: revert; color: initial;\">Nous d\u00e9sirons ardemment que cette premi\u00e8re \u00e9dition soit l\u2019occasion d\u2019\u00e9changes, de partage et de dialogue autours des livres, en y associant les auteur.trice.s, \u00e9diteur.trice.s, m\u00e9dias et grand public du Tarn et plus largement de la r\u00e9gion Occitanie, avec l\u2019espoir de contribuer au rayonnement du monde litt\u00e9raire dans sa dimension la plus large et plurielle.<\/span> <\/p>\n\n\n\n<div style=\"height:200px\" aria-hidden=\"true\" class=\"wp-block-spacer\"><\/div>\n\n\n<div class=\"wp-block-image\">\n<figure class=\"aligncenter size-large is-resized\"><img loading=\"lazy\" decoding=\"async\" src=\"https:\/\/domainedmsdebah.com\/wp-content\/uploads\/2021\/09\/AACG-Carte-de-visite-VERSO-1024x651.jpg\" alt=\"\" class=\"wp-image-92\" width=\"256\" height=\"163\" srcset=\"https:\/\/domainedmsdebah.com\/wp-content\/uploads\/2021\/09\/AACG-Carte-de-visite-VERSO-1024x651.jpg 1024w, https:\/\/domainedmsdebah.com\/wp-content\/uploads\/2021\/09\/AACG-Carte-de-visite-VERSO-300x191.jpg 300w, https:\/\/domainedmsdebah.com\/wp-content\/uploads\/2021\/09\/AACG-Carte-de-visite-VERSO-768x488.jpg 768w, https:\/\/domainedmsdebah.com\/wp-content\/uploads\/2021\/09\/AACG-Carte-de-visite-VERSO-1536x976.jpg 1536w, https:\/\/domainedmsdebah.com\/wp-content\/uploads\/2021\/09\/AACG-Carte-de-visite-VERSO-94x60.jpg 94w, https:\/\/domainedmsdebah.com\/wp-content\/uploads\/2021\/09\/AACG-Carte-de-visite-VERSO.jpg 2008w\" sizes=\"auto, (max-width: 256px) 100vw, 256px\" \/><\/figure>\n<\/div>","protected":false},"excerpt":{"rendered":"<p>Le Salon du Livre Dms Debah organis\u00e9 par l&rsquo;association les Amis du ch\u00e2teau de la Gautherie tiendra sa premi\u00e8re \u00e9dition les 23 et 24 septembre 2023 au Domaine Dms Debah \u00e0 Crespinet dans le Tarn (18 km d&rsquo;Albi). Pour ce nouveau rendez-vous, nous vous proposons &hellip; <\/p>\n","protected":false},"author":1,"featured_media":0,"parent":0,"menu_order":0,"comment_status":"closed","ping_status":"closed","template":"","meta":{"footnotes":""},"class_list":["post-186","page","type-page","status-publish","hentry"],"_links":{"self":[{"href":"https:\/\/domainedmsdebah.com\/index.php\/wp-json\/wp\/v2\/pages\/186","targetHints":{"allow":["GET"]}}],"collection":[{"href":"https:\/\/domainedmsdebah.com\/index.php\/wp-json\/wp\/v2\/pages"}],"about":[{"href":"https:\/\/domainedmsdebah.com\/index.php\/wp-json\/wp\/v2\/types\/page"}],"author":[{"embeddable":true,"href":"https:\/\/domainedmsdebah.com\/index.php\/wp-json\/wp\/v2\/users\/1"}],"replies":[{"embeddable":true,"href":"https:\/\/domainedmsdebah.com\/index.php\/wp-json\/wp\/v2\/comments?post=186"}],"version-history":[{"count":13,"href":"https:\/\/domainedmsdebah.com\/index.php\/wp-json\/wp\/v2\/pages\/186\/revisions"}],"predecessor-version":[{"id":254,"href":"https:\/\/domainedmsdebah.com\/index.php\/wp-json\/wp\/v2\/pages\/186\/revisions\/254"}],"wp:attachment":[{"href":"https:\/\/domainedmsdebah.com\/index.php\/wp-json\/wp\/v2\/media?parent=186"}],"curies":[{"name":"wp","href":"https:\/\/api.w.org\/{rel}","templated":true}]}}